{"id":175,"date":"2010-11-13T18:31:32","date_gmt":"2010-11-13T18:31:32","guid":{"rendered":"http:\/\/www.familjenbauer.se\/?page_id=175"},"modified":"2011-01-29T20:04:00","modified_gmt":"2011-01-29T20:04:00","slug":"teamsynk","status":"publish","type":"page","link":"http:\/\/gabriellabauer.se\/?page_id=175","title":{"rendered":"Teamsynk"},"content":{"rendered":"<h2>Teamsynk \u2013 Grupputveckling p\u00e5 kort tid<\/h2>\n<p><em> <\/em><br \/>\nVid uppstarten av ett projekt, n\u00e4r gruppen f\u00e5tt nya medlemmar eller n\u00e4r det beh\u00f6vs ny energi<\/p>\n<p>Teamsynk \u00e4r ett spel som effektivt utvecklar en arbetsgrupp.<\/p>\n<p>Det \u00e4r uppbyggt kring en spelplan och tar \u00e5tta timmar att genomf\u00f6ra.<br \/>\nEn spelledare driver arbetet fram\u00e5t med hj\u00e4lp av pedagogiskt utformade fr\u00e5gor.<br \/>\nDagen inleds med en genomg\u00e5ng av Wheelands teroi om gruppens utveckling.Vid dagens slut har ett gemensamt dokument tagits fram som beskriver vad gruppen ska k\u00e4nnetecknas och vilka v\u00e4rdeord som skall ligga till grund f\u00f6r det fortsatta arbetet. Varje deltagare f\u00e5r ocks\u00e5 en teamsynkbok med fr\u00e5gor att reflektera kring.<\/p>\n<h3>Teamsynk<\/h3>\n<ul>\n<li> \u00f6kar f\u00f6rst\u00e5elsen f\u00f6r olikheter<\/li>\n<li> \u00f6kar sj\u00e4lvinsikten hos individerna<\/li>\n<li> skapar en gemensam v\u00e4rdegrund<\/li>\n<li> f\u00f6rb\u00e4ttrar kommunikationen i gruppen<\/li>\n<li> ger ett avstamp f\u00f6r fortsatt arbete<\/li>\n<\/ul>\n<h3>Teamsynk i liten grupp<\/h3>\n<p>En spelledare och max sex deltagare vid varje spelplan.<br \/>\nSpelledaren driver processen vid sitt bord<\/p>\n<h3>Teamsynk i stor grupp &#8211; Groupsynk<\/h3>\n<p>Upp till 50 deltagare samlade i grupper.<br \/>\nEn spelledare st\u00e4ller fr\u00e5gorna och en finns till hands f\u00f6r grupperna.<\/p>\n","protected":false},"excerpt":{"rendered":"<p>Teamsynk \u2013 Grupputveckling p\u00e5 kort tid Vid uppstarten av ett projekt, n\u00e4r gruppen f\u00e5tt nya medlemmar eller n\u00e4r det beh\u00f6vs ny energi Teamsynk \u00e4r ett spel som effektivt utvecklar en arbetsgrupp. Det \u00e4r uppbyggt kring en spelplan och tar \u00e5tta timmar att genomf\u00f6ra. En spelledare driver arbetet fram\u00e5t med hj\u00e4lp av pedagogiskt utformade fr\u00e5gor. Dagen [&hellip;]<\/p>\n","protected":false},"author":1,"featured_media":0,"parent":338,"menu_order":3,"comment_status":"open","ping_status":"open","template":"","meta":[],"_links":{"self":[{"href":"http:\/\/gabriellabauer.se\/index.php?rest_route=\/wp\/v2\/pages\/175"}],"collection":[{"href":"http:\/\/gabriellabauer.se\/index.php?rest_route=\/wp\/v2\/pages"}],"about":[{"href":"http:\/\/gabriellabauer.se\/index.php?rest_route=\/wp\/v2\/types\/page"}],"author":[{"embeddable":true,"href":"http:\/\/gabriellabauer.se\/index.php?rest_route=\/wp\/v2\/users\/1"}],"replies":[{"embeddable":true,"href":"http:\/\/gabriellabauer.se\/index.php?rest_route=%2Fwp%2Fv2%2Fcomments&post=175"}],"version-history":[{"count":7,"href":"http:\/\/gabriellabauer.se\/index.php?rest_route=\/wp\/v2\/pages\/175\/revisions"}],"predecessor-version":[{"id":343,"href":"http:\/\/gabriellabauer.se\/index.php?rest_route=\/wp\/v2\/pages\/175\/revisions\/343"}],"up":[{"embeddable":true,"href":"http:\/\/gabriellabauer.se\/index.php?rest_route=\/wp\/v2\/pages\/338"}],"wp:attachment":[{"href":"http:\/\/gabriellabauer.se\/index.php?rest_route=%2Fwp%2Fv2%2Fmedia&parent=175"}],"curies":[{"name":"wp","href":"https:\/\/api.w.org\/{rel}","templated":true}]}}